{"id":10,"date":"2018-08-24T16:16:06","date_gmt":"2018-08-24T15:16:06","guid":{"rendered":"https:\/\/www.marekmrowczynski.pl\/?page_id=10"},"modified":"2018-09-18T07:37:22","modified_gmt":"2018-09-18T06:37:22","slug":"kontakt","status":"publish","type":"page","link":"https:\/\/www.marekmrowczynski.pl\/?page_id=10","title":{"rendered":"Kontakt"},"content":{"rendered":"<p>Strona z podstawowymi informacjami kontaktowymi, takimi jak adres, numer telefonu. Mo\u017cna tak\u017ce spr\u00f3bowa\u0107 wtyczki, za pomoc\u0105 kt\u00f3rej dodamy formularz kontaktowy.<\/p>\n","protected":false},"excerpt":{"rendered":"<p>Strona z podstawowymi informacjami kontaktowymi, takimi jak adres, numer telefonu. Mo\u017cna tak\u017ce spr\u00f3bowa\u0107 wtyczki, za pomoc\u0105 kt\u00f3rej dodamy formularz kontaktowy.<\/p>\n","protected":false},"author":2,"featured_media":232,"parent":0,"menu_order":0,"comment_status":"closed","ping_status":"closed","template":"template-contact.php","meta":{"footnotes":""},"class_list":["post-10","page","type-page","status-publish","has-post-thumbnail","hentry"],"_links":{"self":[{"href":"https:\/\/www.marekmrowczynski.pl\/index.php?rest_route=\/wp\/v2\/pages\/10","targetHints":{"allow":["GET"]}}],"collection":[{"href":"https:\/\/www.marekmrowczynski.pl\/index.php?rest_route=\/wp\/v2\/pages"}],"about":[{"href":"https:\/\/www.marekmrowczynski.pl\/index.php?rest_route=\/wp\/v2\/types\/page"}],"author":[{"embeddable":true,"href":"https:\/\/www.marekmrowczynski.pl\/index.php?rest_route=\/wp\/v2\/users\/2"}],"replies":[{"embeddable":true,"href":"https:\/\/www.marekmrowczynski.pl\/index.php?rest_route=%2Fwp%2Fv2%2Fcomments&post=10"}],"version-history":[{"count":5,"href":"https:\/\/www.marekmrowczynski.pl\/index.php?rest_route=\/wp\/v2\/pages\/10\/revisions"}],"predecessor-version":[{"id":247,"href":"https:\/\/www.marekmrowczynski.pl\/index.php?rest_route=\/wp\/v2\/pages\/10\/revisions\/247"}],"wp:featuredmedia":[{"embeddable":true,"href":"https:\/\/www.marekmrowczynski.pl\/index.php?rest_route=\/wp\/v2\/media\/232"}],"wp:attachment":[{"href":"https:\/\/www.marekmrowczynski.pl\/index.php?rest_route=%2Fwp%2Fv2%2Fmedia&parent=10"}],"curies":[{"name":"wp","href":"https:\/\/api.w.org\/{rel}","templated":true}]}}